{"id":1854,"date":"2024-03-18T07:17:01","date_gmt":"2024-03-18T11:17:01","guid":{"rendered":"https:\/\/www.restaurantscanada.org\/?page_id=1854"},"modified":"2025-09-18T12:48:35","modified_gmt":"2025-09-18T16:48:35","slug":"preferred-partners","status":"publish","type":"page","link":"https:\/\/www.restaurantscanada.org\/fr\/partners\/preferred-partners\/","title":{"rendered":"Preferred Partners"},"content":{"rendered":"\n<div class=\"wp-block-group is-content-justification-left is-layout-constrained wp-container-core-group-is-layout-2f4db6b8 wp-block-group-is-layout-constrained\" style=\"padding-top:var(--wp--preset--spacing--50);padding-bottom:var(--wp--preset--spacing--50)\">\n<h1 class=\"wp-block-heading\">Preferred Partners<\/h1>\n\n\n\n<p class=\"is-style-lead\">As a preferred partner with Restaurants Canada, you\u2019ll have the opportunity to engage in thought leadership initiatives, exclusive member offerings, and contribute your expertise and insights to drive innovation within our dynamic foodservice industry.<\/p>\n<\/div>\n\n\n\n<div class=\"wp-block-group is-layout-constrained wp-block-group-is-layout-constrained\">\n<h3 class=\"wp-block-heading\">Fill out the form to get more information on the program<\/h3>\n\n\n\n<iframe aria-label='Partner Inquiry Form' frameborder=\"0\" class=\"zoho-form\" style=\"height:900px;width:99%;border:none;\" src='https:\/\/forms.zohopublic.ca\/restaurantscanada1\/form\/PartnerInquiryForm\/formperma\/alN32at6iCSwvD1gtUumxlXrLwRI6Y0FIJaaf7iS3Rs?src=\"RCWebsite'><\/iframe>\n<\/div>\n\n\n\n<div style=\"height:50px\" aria-hidden=\"true\" class=\"wp-block-spacer\"><\/div>\n\n\n\n<div class=\"wp-block-group is-layout-constrained wp-block-group-is-layout-constrained\">\n<div class=\"wp-block-group is-content-justification-left is-layout-constrained wp-container-core-group-is-layout-7b78caab wp-block-group-is-layout-constrained\">\n<h3 class=\"wp-block-heading\">Restaurants Canada&rsquo;s Preferred Partners<\/h3>\n\n\n\n<p class=\"is-style-lead\"><\/p>\n<\/div>\n\n\n    <div id=\"entries-block_22f6518e20dc2cccffdef336543f84b6\" class=\"entries parnters block\">\n\n        <form class=\"entries-filter onScroll\">\n    <nav class=\"filters\">\n                                                    <ul>\n                                                            <li class=\"filter\">\n                                    <button class=\"btn btn-secondary active\" data-filter data-term=\"2\" data-cat=\"partner-type\">Operations<\/button>                                <\/li>\n                                                            <li class=\"filter\">\n                                    <button class=\"btn btn-secondary \" data-filter data-term=\"3\" data-cat=\"partner-type\">Insurance &amp; Group Benefits<\/button>                                <\/li>\n                                                            <li class=\"filter\">\n                                    <button class=\"btn btn-secondary \" data-filter data-term=\"5\" data-cat=\"partner-type\">Training &amp; Certification<\/button>                                <\/li>\n                                                    <\/ul>\n                                                    <\/nav>\n<\/form>\n        <div class=\"entries-ajax\" data-query='{\"post_type\":\"partner\",\"posts_per_page\":\"10\",\"post__not_in\":[1854],\"order\":\"ASC\",\"orderby\":\"menu_order\",\"tax_query\":[{\"taxonomy\":\"partner-type\",\"terms\":2}]}' data-page=\"1\" data-columns=\"4\" data-highlight=\"1\" data-activefilterindex=\"0\">\n                <div class=\"entries\">\n        <div class=\"row gx-5\">                                <div class=\"col-md-8  mb-5\">\n                        <article class=\"card partner onScroll\">\n    <a href=\"https:\/\/groupex.com\/restaurants_canada\/\" target=\"_blank\" class=\"partner-link\"><\/a>\n    <div class=\"card-inner\">\n        <div class=\"card-asset\">\n            <img loading=\"lazy\" decoding=\"async\" width=\"500\" height=\"200\" src=\"https:\/\/www.restaurantscanada.org\/wp-content\/uploads\/2024\/03\/Untitled-design-32.png\" class=\"attachment-post-thumbnail size-post-thumbnail wp-post-image\" alt=\"Groupex Canada\" srcset=\"https:\/\/www.restaurantscanada.org\/wp-content\/uploads\/2024\/03\/Untitled-design-32.png 500w, https:\/\/www.restaurantscanada.org\/wp-content\/uploads\/2024\/03\/Untitled-design-32-300x120.png 300w\" sizes=\"auto, (max-width: 500px) 100vw, 500px\" \/>        <\/div>\n        <div class=\"card-content\">\n            <h3>Groupex<\/h3>\n            <p>Groupex conf\u00e8re aux exploitants ind\u00e9pendants le pouvoir d\u2019achat des cha\u00eenes. Acc\u00e9dez \u00e0 des prix avantageux sur les boissons, les aliments et les produits commerciaux de PepsiCo, Canada Bread, Gordon Services alimentaires, Diversey Canada et bien d\u2019autres.<\/p>\n        <\/div>\n    <\/div>\n<\/article>\n                    <\/div>\n                \n                                <div class=\"col-md-6 col-lg-3 mb-5\">\n                        <article class=\"card partner onScroll\">\n    <a href=\"https:\/\/mykibbi.ca\/restaurants-canada\" target=\"_blank\" class=\"partner-link\"><\/a>\n    <div class=\"card-inner\">\n        <div class=\"card-asset\">\n            <img loading=\"lazy\" decoding=\"async\" width=\"378\" height=\"126\" src=\"https:\/\/www.restaurantscanada.org\/wp-content\/uploads\/2025\/09\/Kibi-Full-Colour-RGB-1.png\" class=\"attachment-post-thumbnail size-post-thumbnail wp-post-image\" alt=\"\" srcset=\"https:\/\/www.restaurantscanada.org\/wp-content\/uploads\/2025\/09\/Kibi-Full-Colour-RGB-1.png 378w, https:\/\/www.restaurantscanada.org\/wp-content\/uploads\/2025\/09\/Kibi-Full-Colour-RGB-1-300x100.png 300w\" sizes=\"auto, (max-width: 378px) 100vw, 378px\" \/>        <\/div>\n        <div class=\"card-content\">\n            <h3>Kibbi<\/h3>\n            <p>Kibbi is an app-based recruitment platform that facilitates connections with candidates in your community, provides in-app candidate pre-screening and job matching. Scale your hiring effortlessly as you grow!<\/p>\n        <\/div>\n    <\/div>\n<\/article>\n                    <\/div>\n                \n                                <div class=\"col-md-6 col-lg-3 mb-5\">\n                        <article class=\"card partner onScroll\">\n    <a href=\"https:\/\/www.touchbistro.com\/restaurants-canada\/\" target=\"_blank\" class=\"partner-link\"><\/a>\n    <div class=\"card-inner\">\n        <div class=\"card-asset\">\n            <img loading=\"lazy\" decoding=\"async\" width=\"4716\" height=\"822\" src=\"https:\/\/www.restaurantscanada.org\/wp-content\/uploads\/2024\/03\/TouchBistro.png\" class=\"attachment-post-thumbnail size-post-thumbnail wp-post-image\" alt=\"\" srcset=\"https:\/\/www.restaurantscanada.org\/wp-content\/uploads\/2024\/03\/TouchBistro.png 4716w, https:\/\/www.restaurantscanada.org\/wp-content\/uploads\/2024\/03\/TouchBistro-300x52.png 300w, https:\/\/www.restaurantscanada.org\/wp-content\/uploads\/2024\/03\/TouchBistro-1024x178.png 1024w, https:\/\/www.restaurantscanada.org\/wp-content\/uploads\/2024\/03\/TouchBistro-768x134.png 768w, https:\/\/www.restaurantscanada.org\/wp-content\/uploads\/2024\/03\/TouchBistro-1536x268.png 1536w, https:\/\/www.restaurantscanada.org\/wp-content\/uploads\/2024\/03\/TouchBistro-2048x357.png 2048w\" sizes=\"auto, (max-width: 4716px) 100vw, 4716px\" \/>        <\/div>\n        <div class=\"card-content\">\n            <h3>Touch Bistro<\/h3>\n            <p>Soyez aux petits soins pour vos clients et faites cro\u00eetre votre entreprise gr\u00e2ce au syst\u00e8me de point de vente et de gestion de restaurant tout-en-un de TouchBistro. Cet outil con\u00e7u au Canada offre des options parmi les plus essentielles pour la gestion de l\u2019accueil, de l\u2019arri\u00e8re-boutique et de la relation avec les clients. D\u00e9couvrez-en plus et profitez d\u00e8s aujourd\u2019hui de l\u2019offre exclusive r\u00e9serv\u00e9e aux membres de RC!<\/p>\n        <\/div>\n    <\/div>\n<\/article>\n                    <\/div>\n                \n                                <div class=\"col-md-6 col-lg-3 mb-5\">\n                        <article class=\"card partner onScroll\">\n    <a href=\"https:\/\/diversey.com\/en\" target=\"_blank\" class=\"partner-link\"><\/a>\n    <div class=\"card-inner\">\n        <div class=\"card-asset\">\n            <img loading=\"lazy\" decoding=\"async\" width=\"1958\" height=\"711\" src=\"https:\/\/www.restaurantscanada.org\/wp-content\/uploads\/2024\/01\/Diversey-RGB.png\" class=\"attachment-post-thumbnail size-post-thumbnail wp-post-image\" alt=\"\" srcset=\"https:\/\/www.restaurantscanada.org\/wp-content\/uploads\/2024\/01\/Diversey-RGB.png 1958w, https:\/\/www.restaurantscanada.org\/wp-content\/uploads\/2024\/01\/Diversey-RGB-300x109.png 300w, https:\/\/www.restaurantscanada.org\/wp-content\/uploads\/2024\/01\/Diversey-RGB-1024x372.png 1024w, https:\/\/www.restaurantscanada.org\/wp-content\/uploads\/2024\/01\/Diversey-RGB-768x279.png 768w, https:\/\/www.restaurantscanada.org\/wp-content\/uploads\/2024\/01\/Diversey-RGB-1536x558.png 1536w, https:\/\/www.restaurantscanada.org\/wp-content\/uploads\/2024\/01\/Diversey-RGB-600x218.png 600w\" sizes=\"auto, (max-width: 1958px) 100vw, 1958px\" \/>        <\/div>\n        <div class=\"card-content\">\n            <h3>Diversey<\/h3>\n            <p>Diversey a pour mission de prendre soin des personnes et de les prot\u00e9ger gr\u00e2ce \u00e0 des produits de pointe pour la salubrit\u00e9, le nettoyage et la pr\u00e9vention des infections.<\/p>\n        <\/div>\n    <\/div>\n<\/article>\n                    <\/div>\n                \n                                <div class=\"col-md-6 col-lg-3 mb-5\">\n                        <article class=\"card partner onScroll\">\n    <a href=\"https:\/\/onactual.com\/\" target=\"_blank\" class=\"partner-link\"><\/a>\n    <div class=\"card-inner\">\n        <div class=\"card-asset\">\n            <img loading=\"lazy\" decoding=\"async\" width=\"500\" height=\"200\" src=\"https:\/\/www.restaurantscanada.org\/wp-content\/uploads\/2024\/03\/atlas.png.webp\" class=\"attachment-post-thumbnail size-post-thumbnail wp-post-image\" alt=\"Atlas\" srcset=\"https:\/\/www.restaurantscanada.org\/wp-content\/uploads\/2024\/03\/atlas.png.webp 500w, https:\/\/www.restaurantscanada.org\/wp-content\/uploads\/2024\/03\/atlas.png-300x120.webp 300w\" sizes=\"auto, (max-width: 500px) 100vw, 500px\" \/>        <\/div>\n        <div class=\"card-content\">\n            <h3>Atlas<\/h3>\n            <p>Atlas Direct Tips (ADT) simplifie la distribution des pourboires en automatisant les calculs et en assurant le paiement direct dans le compte bancaire des employ\u00e9s.<\/p>\n        <\/div>\n    <\/div>\n<\/article>\n                    <\/div>\n                \n                                <div class=\"col-md-6 col-lg-3 mb-5\">\n                        <article class=\"card partner onScroll\">\n    <a href=\"https:\/\/www.restaurantscanada.org\/fr\/partner\/american-express\/\" target=\"_self\" class=\"partner-link\"><\/a>\n    <div class=\"card-inner\">\n        <div class=\"card-asset\">\n            <img loading=\"lazy\" decoding=\"async\" width=\"80\" height=\"80\" src=\"https:\/\/www.restaurantscanada.org\/wp-content\/uploads\/2024\/01\/AE-BW.png\" class=\"attachment-post-thumbnail size-post-thumbnail wp-post-image\" alt=\"\" \/>        <\/div>\n        <div class=\"card-content\">\n            <h3>American Express<\/h3>\n            <p>Augmentez vos liquidit\u00e9s et obtenez des r\u00e9compenses! Gr\u00e2ce \u00e0 American Express, g\u00e9n\u00e9rez des liquidit\u00e9s et transformez vos d\u00e9penses d\u2019affaires en r\u00e9compenses. La Carte American Express pour petites entreprises offre une p\u00e9riode maximale de 55\u00a0jours sans int\u00e9r\u00eat, ce qui donne \u00e0 votre entreprise une marge de man\u0153uvre pour r\u00e9gler ses achats importants.<\/p>\n        <\/div>\n    <\/div>\n<\/article>\n                    <\/div>\n                \n                                <div class=\"col-md-6 col-lg-3 mb-5\">\n                        <article class=\"card partner onScroll\">\n    <a href=\"https:\/\/www.restaurantscanada.org\/fr\/partner\/moneris\/\" target=\"_self\" class=\"partner-link\"><\/a>\n    <div class=\"card-inner\">\n        <div class=\"card-asset\">\n            <div class=\"placeholder-image\">Moneris<\/div>        <\/div>\n        <div class=\"card-content\">\n            <h3>Moneris<\/h3>\n            <p>Moneris offre une vaste gamme de services de commerce \u00e9lectronique et de services de paiement novateurs, ce qui vous permet d\u2019obtenir tout ce dont vous avez besoin pour soutenir votre entreprise. Nous vous accompagnons \u00e0 chaque \u00e9tape de la vie de votre entreprise.<\/p>\n        <\/div>\n    <\/div>\n<\/article>\n                    <\/div>\n                \n                    <\/div>\n    <\/div>        <\/div>\n    <\/div>\n    <\/div>\n\n\n\n<div style=\"height:50px\" aria-hidden=\"true\" class=\"wp-block-spacer\"><\/div>\n\n\n\n<div id=\"action-block_a86ff262db095addbb748db9a4a34043\" class=\"action onScroll\" style=\"--action-color:#0b0c0d;--action-text-color:#ffffff;\" >\n    <div class=\"row justify-content-between align-items-center\">\n        <div class=\"col-md-9\">\n            <h4>Que vous ayez des questions ou des pr\u00e9occupations, vous pouvez rejoindre notre \u00e9quipe \u00e0 tout moment. Nous sommes l\u00e0 pour soutenir votre r\u00e9ussite.<\/h4>        <\/div>\n                    <div class=\"col-md-3 text-md-center\">\n                <span class=\"btn btn-secondary\">\u00c9crivez-nous<\/span>\n            <\/div>\n            <\/div>\n    <a href=\"\/fr\/contact\" target=\"\" title=\"\u00c9crivez-nous\"><\/a><\/div>","protected":false},"excerpt":{"rendered":"<p>Preferred Partners As a preferred partner with Restaurants Canada, you\u2019ll have the opportunity to engage in thought leadership&#8230;<\/p>\n","protected":false},"author":3,"featured_media":1828,"parent":214,"menu_order":0,"comment_status":"closed","ping_status":"closed","template":"","meta":{"_acf_changed":false,"footnotes":""},"class_list":["post-1854","page","type-page","status-publish","has-post-thumbnail","hentry"],"acf":{"page_color":"","page_color_text":""},"yoast_head":"<!-- This site is optimized with the Yoast SEO plugin v27.0 - https:\/\/yoast.com\/product\/yoast-seo-wordpress\/ -->\n<title>Preferred Partners - Restaurants Canada<\/title>\n<meta name=\"robots\" content=\"index, follow, max-snippet:-1, max-image-preview:large, max-video-preview:-1\" \/>\n<link rel=\"canonical\" href=\"https:\/\/www.restaurantscanada.org\/partners\/preferred-partners\/\" \/>\n<meta property=\"og:locale\" content=\"fr_FR\" \/>\n<meta property=\"og:type\" content=\"article\" \/>\n<meta property=\"og:title\" content=\"Preferred Partners - Restaurants Canada\" \/>\n<meta property=\"og:description\" content=\"Preferred Partners As a preferred partner with Restaurants Canada, you\u2019ll have the opportunity to engage in thought leadership...\" \/>\n<meta property=\"og:url\" content=\"https:\/\/www.restaurantscanada.org\/partners\/preferred-partners\/\" \/>\n<meta property=\"og:site_name\" content=\"Restaurants Canada\" \/>\n<meta property=\"article:publisher\" content=\"https:\/\/www.facebook.com\/RestaurantsCanada\" \/>\n<meta property=\"article:modified_time\" content=\"2025-09-18T16:48:35+00:00\" \/>\n<meta property=\"og:image\" content=\"https:\/\/www.restaurantscanada.org\/wp-content\/uploads\/2024\/03\/GettyImages-1274268471.png\" \/>\n\t<meta property=\"og:image:width\" content=\"1172\" \/>\n\t<meta property=\"og:image:height\" content=\"782\" \/>\n\t<meta property=\"og:image:type\" content=\"image\/png\" \/>\n<meta name=\"twitter:card\" content=\"summary_large_image\" \/>\n<meta name=\"twitter:site\" content=\"@RestaurantsCA\" \/>\n<script type=\"application\/ld+json\" class=\"yoast-schema-graph\">{\"@context\":\"https:\/\/schema.org\",\"@graph\":[{\"@type\":\"WebPage\",\"@id\":\"https:\/\/www.restaurantscanada.org\/partners\/preferred-partners\/\",\"url\":\"https:\/\/www.restaurantscanada.org\/partners\/preferred-partners\/\",\"name\":\"Preferred Partners - Restaurants Canada\",\"isPartOf\":{\"@id\":\"https:\/\/www.restaurantscanada.org\/#website\"},\"primaryImageOfPage\":{\"@id\":\"https:\/\/www.restaurantscanada.org\/partners\/preferred-partners\/#primaryimage\"},\"image\":{\"@id\":\"https:\/\/www.restaurantscanada.org\/partners\/preferred-partners\/#primaryimage\"},\"thumbnailUrl\":\"https:\/\/www.restaurantscanada.org\/wp-content\/uploads\/2024\/03\/GettyImages-1274268471.png\",\"datePublished\":\"2024-03-18T11:17:01+00:00\",\"dateModified\":\"2025-09-18T16:48:35+00:00\",\"breadcrumb\":{\"@id\":\"https:\/\/www.restaurantscanada.org\/partners\/preferred-partners\/#breadcrumb\"},\"inLanguage\":\"fr-FR\",\"potentialAction\":[{\"@type\":\"ReadAction\",\"target\":[\"https:\/\/www.restaurantscanada.org\/partners\/preferred-partners\/\"]}]},{\"@type\":\"ImageObject\",\"inLanguage\":\"fr-FR\",\"@id\":\"https:\/\/www.restaurantscanada.org\/partners\/preferred-partners\/#primaryimage\",\"url\":\"https:\/\/www.restaurantscanada.org\/wp-content\/uploads\/2024\/03\/GettyImages-1274268471.png\",\"contentUrl\":\"https:\/\/www.restaurantscanada.org\/wp-content\/uploads\/2024\/03\/GettyImages-1274268471.png\",\"width\":1172,\"height\":782},{\"@type\":\"BreadcrumbList\",\"@id\":\"https:\/\/www.restaurantscanada.org\/partners\/preferred-partners\/#breadcrumb\",\"itemListElement\":[{\"@type\":\"ListItem\",\"position\":1,\"name\":\"Home\",\"item\":\"https:\/\/www.restaurantscanada.org\/fr\/\"},{\"@type\":\"ListItem\",\"position\":2,\"name\":\"Partners\",\"item\":\"https:\/\/www.restaurantscanada.org\/partners\/\"},{\"@type\":\"ListItem\",\"position\":3,\"name\":\"Preferred Partners\"}]},{\"@type\":\"WebSite\",\"@id\":\"https:\/\/www.restaurantscanada.org\/#website\",\"url\":\"https:\/\/www.restaurantscanada.org\/\",\"name\":\"Restaurants Canada\",\"description\":\"La voix des services alimentaires\",\"publisher\":{\"@id\":\"https:\/\/www.restaurantscanada.org\/#organization\"},\"potentialAction\":[{\"@type\":\"SearchAction\",\"target\":{\"@type\":\"EntryPoint\",\"urlTemplate\":\"https:\/\/www.restaurantscanada.org\/?s={search_term_string}\"},\"query-input\":{\"@type\":\"PropertyValueSpecification\",\"valueRequired\":true,\"valueName\":\"search_term_string\"}}],\"inLanguage\":\"fr-FR\"},{\"@type\":\"Organization\",\"@id\":\"https:\/\/www.restaurantscanada.org\/#organization\",\"name\":\"Restaurants Canada\",\"alternateName\":\"RC\",\"url\":\"https:\/\/www.restaurantscanada.org\/\",\"logo\":{\"@type\":\"ImageObject\",\"inLanguage\":\"fr-FR\",\"@id\":\"https:\/\/www.restaurantscanada.org\/#\/schema\/logo\/image\/\",\"url\":\"https:\/\/rcsparkdev.wpenginepowered.com\/wp-content\/uploads\/2024\/01\/rc-brand-colour.svg\",\"contentUrl\":\"https:\/\/rcsparkdev.wpenginepowered.com\/wp-content\/uploads\/2024\/01\/rc-brand-colour.svg\",\"width\":1,\"height\":1,\"caption\":\"Restaurants Canada\"},\"image\":{\"@id\":\"https:\/\/www.restaurantscanada.org\/#\/schema\/logo\/image\/\"},\"sameAs\":[\"https:\/\/www.facebook.com\/RestaurantsCanada\",\"https:\/\/x.com\/RestaurantsCA\"]}]}<\/script>\n<!-- \/ Yoast SEO plugin. -->","yoast_head_json":{"title":"Preferred Partners - Restaurants Canada","robots":{"index":"index","follow":"follow","max-snippet":"max-snippet:-1","max-image-preview":"max-image-preview:large","max-video-preview":"max-video-preview:-1"},"canonical":"https:\/\/www.restaurantscanada.org\/partners\/preferred-partners\/","og_locale":"fr_FR","og_type":"article","og_title":"Preferred Partners - Restaurants Canada","og_description":"Preferred Partners As a preferred partner with Restaurants Canada, you\u2019ll have the opportunity to engage in thought leadership...","og_url":"https:\/\/www.restaurantscanada.org\/partners\/preferred-partners\/","og_site_name":"Restaurants Canada","article_publisher":"https:\/\/www.facebook.com\/RestaurantsCanada","article_modified_time":"2025-09-18T16:48:35+00:00","og_image":[{"width":1172,"height":782,"url":"https:\/\/www.restaurantscanada.org\/wp-content\/uploads\/2024\/03\/GettyImages-1274268471.png","type":"image\/png"}],"twitter_card":"summary_large_image","twitter_site":"@RestaurantsCA","schema":{"@context":"https:\/\/schema.org","@graph":[{"@type":"WebPage","@id":"https:\/\/www.restaurantscanada.org\/partners\/preferred-partners\/","url":"https:\/\/www.restaurantscanada.org\/partners\/preferred-partners\/","name":"Preferred Partners - Restaurants Canada","isPartOf":{"@id":"https:\/\/www.restaurantscanada.org\/#website"},"primaryImageOfPage":{"@id":"https:\/\/www.restaurantscanada.org\/partners\/preferred-partners\/#primaryimage"},"image":{"@id":"https:\/\/www.restaurantscanada.org\/partners\/preferred-partners\/#primaryimage"},"thumbnailUrl":"https:\/\/www.restaurantscanada.org\/wp-content\/uploads\/2024\/03\/GettyImages-1274268471.png","datePublished":"2024-03-18T11:17:01+00:00","dateModified":"2025-09-18T16:48:35+00:00","breadcrumb":{"@id":"https:\/\/www.restaurantscanada.org\/partners\/preferred-partners\/#breadcrumb"},"inLanguage":"fr-FR","potentialAction":[{"@type":"ReadAction","target":["https:\/\/www.restaurantscanada.org\/partners\/preferred-partners\/"]}]},{"@type":"ImageObject","inLanguage":"fr-FR","@id":"https:\/\/www.restaurantscanada.org\/partners\/preferred-partners\/#primaryimage","url":"https:\/\/www.restaurantscanada.org\/wp-content\/uploads\/2024\/03\/GettyImages-1274268471.png","contentUrl":"https:\/\/www.restaurantscanada.org\/wp-content\/uploads\/2024\/03\/GettyImages-1274268471.png","width":1172,"height":782},{"@type":"BreadcrumbList","@id":"https:\/\/www.restaurantscanada.org\/partners\/preferred-partners\/#breadcrumb","itemListElement":[{"@type":"ListItem","position":1,"name":"Home","item":"https:\/\/www.restaurantscanada.org\/fr\/"},{"@type":"ListItem","position":2,"name":"Partners","item":"https:\/\/www.restaurantscanada.org\/partners\/"},{"@type":"ListItem","position":3,"name":"Preferred Partners"}]},{"@type":"WebSite","@id":"https:\/\/www.restaurantscanada.org\/#website","url":"https:\/\/www.restaurantscanada.org\/","name":"Restaurants Canada","description":"La voix des services alimentaires","publisher":{"@id":"https:\/\/www.restaurantscanada.org\/#organization"},"potentialAction":[{"@type":"SearchAction","target":{"@type":"EntryPoint","urlTemplate":"https:\/\/www.restaurantscanada.org\/?s={search_term_string}"},"query-input":{"@type":"PropertyValueSpecification","valueRequired":true,"valueName":"search_term_string"}}],"inLanguage":"fr-FR"},{"@type":"Organization","@id":"https:\/\/www.restaurantscanada.org\/#organization","name":"Restaurants Canada","alternateName":"RC","url":"https:\/\/www.restaurantscanada.org\/","logo":{"@type":"ImageObject","inLanguage":"fr-FR","@id":"https:\/\/www.restaurantscanada.org\/#\/schema\/logo\/image\/","url":"https:\/\/rcsparkdev.wpenginepowered.com\/wp-content\/uploads\/2024\/01\/rc-brand-colour.svg","contentUrl":"https:\/\/rcsparkdev.wpenginepowered.com\/wp-content\/uploads\/2024\/01\/rc-brand-colour.svg","width":1,"height":1,"caption":"Restaurants Canada"},"image":{"@id":"https:\/\/www.restaurantscanada.org\/#\/schema\/logo\/image\/"},"sameAs":["https:\/\/www.facebook.com\/RestaurantsCanada","https:\/\/x.com\/RestaurantsCA"]}]}},"_links":{"self":[{"href":"https:\/\/www.restaurantscanada.org\/fr\/wp-json\/wp\/v2\/pages\/1854","targetHints":{"allow":["GET"]}}],"collection":[{"href":"https:\/\/www.restaurantscanada.org\/fr\/wp-json\/wp\/v2\/pages"}],"about":[{"href":"https:\/\/www.restaurantscanada.org\/fr\/wp-json\/wp\/v2\/types\/page"}],"author":[{"embeddable":true,"href":"https:\/\/www.restaurantscanada.org\/fr\/wp-json\/wp\/v2\/users\/3"}],"replies":[{"embeddable":true,"href":"https:\/\/www.restaurantscanada.org\/fr\/wp-json\/wp\/v2\/comments?post=1854"}],"version-history":[{"count":0,"href":"https:\/\/www.restaurantscanada.org\/fr\/wp-json\/wp\/v2\/pages\/1854\/revisions"}],"up":[{"embeddable":true,"href":"https:\/\/www.restaurantscanada.org\/fr\/wp-json\/wp\/v2\/pages\/214"}],"wp:featuredmedia":[{"embeddable":true,"href":"https:\/\/www.restaurantscanada.org\/fr\/wp-json\/wp\/v2\/media\/1828"}],"wp:attachment":[{"href":"https:\/\/www.restaurantscanada.org\/fr\/wp-json\/wp\/v2\/media?parent=1854"}],"curies":[{"name":"wp","href":"https:\/\/api.w.org\/{rel}","templated":true}]}}