{"id":5340,"date":"2024-04-16T17:19:35","date_gmt":"2024-04-16T21:19:35","guid":{"rendered":"https:\/\/www.restaurantscanada.org\/?page_id=5340"},"modified":"2025-04-03T14:11:26","modified_gmt":"2025-04-03T18:11:26","slug":"rapports","status":"publish","type":"page","link":"https:\/\/www.restaurantscanada.org\/fr\/rapports\/","title":{"rendered":"Rapports"},"content":{"rendered":"\n<div class=\"wp-block-columns are-vertically-aligned-center is-layout-flex wp-container-core-columns-is-layout-b3b5ee10 wp-block-columns-is-layout-flex\" style=\"padding-bottom:var(--wp--preset--spacing--50)\">\n<div class=\"wp-block-column is-vertically-aligned-center is-layout-flow wp-block-column-is-layout-flow\" style=\"flex-basis:66.66%\"><h2 class=\"wp-block-post-title\">Rapports<\/h2>\n\n\n<p class=\"is-style-lead\">Restaurants Canada produit plus de 30\u00a0rapports tout au long de l\u2019ann\u00e9e; il offre \u00e0 ses membres un acc\u00e8s exclusif \u00e0 des recherches sp\u00e9cialis\u00e9es afin d\u2019aider les exploitants et les fournisseurs \u00e0 faire cro\u00eetre leur entreprise. Que ce soit pour \u00e9laborer des plans d\u2019affaires, \u00e9valuer le rendement de leur entreprise ou d\u00e9gager des tendances, les membres de Restaurants Canada b\u00e9n\u00e9ficient d\u2019un acc\u00e8s exclusif \u00e0 diverses publications qui leur donnent une longueur d\u2019avance sur leurs concurrents.<\/p>\n<\/div>\n\n\n\n<div class=\"wp-block-column is-vertically-aligned-center is-layout-flow wp-block-column-is-layout-flow\" style=\"flex-basis:33.33%\"><\/div>\n<\/div>\n\n\n\n<div class=\"wp-block-columns is-layout-flex wp-container-core-columns-is-layout-9d6595d7 wp-block-columns-is-layout-flex\">\n<div class=\"wp-block-column is-layout-flow wp-block-column-is-layout-flow\" style=\"flex-basis:55%\">\n<div id=\"card-block_5adbe73493a4519a19a873a68774819b\" class=\"card onScroll has-image\" style=\"--card-color:#ED1C24;\">\n    <a href=\"\/research\/type\/the-quarterly\/\" target=\"\" title=\"\"><\/a>    <div class=\"card-inner\">\n            <div class=\"card-asset is-style-border-red\">\n                                                        <img loading=\"lazy\" decoding=\"async\" src=\"https:\/\/www.restaurantscanada.org\/wp-content\/uploads\/2024\/02\/SPARK-RC-QUARTERLY.jpg\" alt=\"The Quarterly\" width=\"770\" height=\"560\"\/>\n                            <\/div>\n    <\/div>\n    <!-- Card Content -->\n    <div class=\"card-content\">\n        <h3><span>Bulletin trimestriel<\/span><\/h3>        <p>Rapport de renseignements sur les restaurants canadiens. Ce nouveau rapport combine l\u2019enqu\u00eate sur le secteur de la restauration et les pr\u00e9visions trimestrielles en un seul outil de recherche pratique, \u00e0 la pr\u00e9sentation moderne.<\/p>\n    <\/div>\n<\/div><\/div>\n\n\n\n<div class=\"wp-block-column is-layout-flow wp-block-column-is-layout-flow\">\n<div id=\"card-block_a2e02ed18d281c2851320f5cd1adab56\" class=\"card onScroll has-image\" style=\"--card-color:#ED1C24;\">\n    <a href=\"https:\/\/www.restaurantscanada.org\/foodservice-facts\/\" target=\"\" title=\"\"><\/a>    <div class=\"card-inner\">\n            <div class=\"card-asset is-style-border-red\">\n                                                        <img loading=\"lazy\" decoding=\"async\" src=\"https:\/\/www.restaurantscanada.org\/wp-content\/uploads\/2024\/03\/SPARK-RC-FS-FACTS.jpg\" alt=\"Foodservice Facts\" width=\"770\" height=\"560\"\/>\n                            <\/div>\n    <\/div>\n    <!-- Card Content -->\n    <div class=\"card-content\">\n        <h3><span>Faits sur les services de restauration<\/span><\/h3>        <p>Il s\u2019agit du guide de recherche et d\u2019information sur l\u2019industrie des services alimentaires le plus fiable au Canada. Ce rapport annuel pr\u00e9sente les derni\u00e8res statistiques, tendances et pr\u00e9visions en mati\u00e8re de services alimentaires, ainsi qu\u2019une analyse d\u00e9taill\u00e9e de leur incidence sur les exploitants de ces services. Que ce soit pour les pr\u00e9visions ou les \u00e9tudes de march\u00e9, apprenez comment rejoindre les clients et vous d\u00e9marquer dans le march\u00e9 concurrentiel d\u2019aujourd\u2019hui.<\/p>\n    <\/div>\n<\/div><\/div>\n<\/div>\n\n\n\n<div style=\"height:70px\" aria-hidden=\"true\" class=\"wp-block-spacer\"><\/div>\n\n\n\n<div class=\"wp-block-columns is-layout-flex wp-container-core-columns-is-layout-9d6595d7 wp-block-columns-is-layout-flex\">\n<div class=\"wp-block-column is-layout-flow wp-block-column-is-layout-flow\">\n<div id=\"card-block_2b97bc89259951a56ac75c9874992a72\" class=\"card onScroll has-image\" style=\"--card-color:#ED1C24;\">\n    <a href=\"https:\/\/www.restaurantscanada.org\/fast-facts\/\" target=\"\" title=\"\"><\/a>    <div class=\"card-inner\">\n            <div class=\"card-asset is-style-border-red\">\n                                                        <img loading=\"lazy\" decoding=\"async\" src=\"https:\/\/www.restaurantscanada.org\/wp-content\/uploads\/2024\/02\/SPARK-RC-FAST-FACTS.jpg\" alt=\"Fast Facts\" width=\"1540\" height=\"1120\"\/>\n                            <\/div>\n    <\/div>\n    <!-- Card Content -->\n    <div class=\"card-content\">\n        <h4><span>Faits saillants<\/span><\/h4>        <p>Ces rapports d\u00e9taill\u00e9s vous informent des derni\u00e8res donn\u00e9es mensuelles sur les ventes par segment et par province.<\/p>\n    <\/div>\n<\/div><\/div>\n\n\n\n<div class=\"wp-block-column is-layout-flow wp-block-column-is-layout-flow\">\n<div id=\"card-block_729efa5383baf94ae1d90630624bc423\" class=\"card onScroll no-image\" style=\"--card-color:#585a5c;\">\n    <a href=\"\/react\/\" target=\"\" title=\"\"><\/a>    <div class=\"card-inner\">\n            <div class=\"card-asset is-style-border-red\">\n                                <div class=\"fallback-content\">\n                                            <h4 class=\"fallback-title\">REACT<\/h4>\n                                        <\/div>\n                            <\/div>\n    <\/div>\n    <!-- Card Content -->\n    <div class=\"card-content\">\n        <h4><span>REACT<\/span><\/h4>        <p>L\u2019enqu\u00eate REACT (Restaurant Expectations and Consumer Trends) a \u00e9t\u00e9 con\u00e7ue pour produire des donn\u00e9es sur les tendances de consommation en temps utile afin de permettre au secteur de la restauration de r\u00e9agir plus promptement \u00e0 l\u2019\u00e9volution du march\u00e9.<\/p>\n    <\/div>\n<\/div><\/div>\n\n\n\n<div class=\"wp-block-column is-layout-flow wp-block-column-is-layout-flow\">\n<div id=\"card-block_0b4ea05962485c28542bfa8c66dd18bc\" class=\"card onScroll no-image\" style=\"--card-color:#585a5c;\">\n    <a href=\"\/research\/type\/operations-report\/\" target=\"\" title=\"\"><\/a>    <div class=\"card-inner\">\n            <div class=\"card-asset is-style-border-red\">\n                                <div class=\"fallback-content\">\n                                            <h4 class=\"fallback-title\">RAPPORT D\u2019ACTIVIT\u00e9S<\/h4>\n                                        <\/div>\n                            <\/div>\n    <\/div>\n    <!-- Card Content -->\n    <div class=\"card-content\">\n        <h4><span>Rapport d\u2019activit\u00e9s<\/span><\/h4>        <p>D\u00e9couvrez o\u00f9 vous vous situez gr\u00e2ce \u00e0 des donn\u00e9es d\u00e9taill\u00e9es sur la rentabilit\u00e9, le co\u00fbt des ventes, les d\u00e9penses d\u2019exploitation et d\u2019autres mesures de rendement importantes. Les r\u00e9sultats sont pr\u00e9sent\u00e9s par type d\u2019\u00e9tablissement de services alimentaires et par province.<\/p>\n    <\/div>\n<\/div><\/div>\n<\/div>\n","protected":false},"excerpt":{"rendered":"<p>Restaurants Canada produit plus de 30\u00a0rapports tout au long de l\u2019ann\u00e9e; il offre \u00e0 ses membres un acc\u00e8s&#8230;<\/p>\n","protected":false},"author":5,"featured_media":0,"parent":0,"menu_order":0,"comment_status":"closed","ping_status":"closed","template":"","meta":{"_acf_changed":true,"footnotes":""},"class_list":["post-5340","page","type-page","status-publish","hentry"],"acf":{"page_color":"","page_color_text":""},"yoast_head":"<!-- This site is optimized with the Yoast SEO plugin v27.0 - https:\/\/yoast.com\/product\/yoast-seo-wordpress\/ -->\n<title>Rapports - Restaurants Canada<\/title>\n<meta name=\"robots\" content=\"index, follow, max-snippet:-1, max-image-preview:large, max-video-preview:-1\" \/>\n<link rel=\"canonical\" href=\"https:\/\/www.restaurantscanada.org\/fr\/rapports\/\" \/>\n<meta property=\"og:locale\" content=\"fr_FR\" \/>\n<meta property=\"og:type\" content=\"article\" \/>\n<meta property=\"og:title\" content=\"Rapports - Restaurants Canada\" \/>\n<meta property=\"og:description\" content=\"Restaurants Canada produit plus de 30\u00a0rapports tout au long de l\u2019ann\u00e9e; il offre \u00e0 ses membres un acc\u00e8s...\" \/>\n<meta property=\"og:url\" content=\"https:\/\/www.restaurantscanada.org\/fr\/rapports\/\" \/>\n<meta property=\"og:site_name\" content=\"Restaurants Canada\" \/>\n<meta property=\"article:publisher\" content=\"https:\/\/www.facebook.com\/RestaurantsCanada\" \/>\n<meta property=\"article:modified_time\" content=\"2025-04-03T18:11:26+00:00\" \/>\n<meta name=\"twitter:card\" content=\"summary_large_image\" \/>\n<meta name=\"twitter:site\" content=\"@RestaurantsCA\" \/>\n<script type=\"application\/ld+json\" class=\"yoast-schema-graph\">{\"@context\":\"https:\/\/schema.org\",\"@graph\":[{\"@type\":\"WebPage\",\"@id\":\"https:\/\/www.restaurantscanada.org\/fr\/rapports\/\",\"url\":\"https:\/\/www.restaurantscanada.org\/fr\/rapports\/\",\"name\":\"Rapports - Restaurants Canada\",\"isPartOf\":{\"@id\":\"https:\/\/www.restaurantscanada.org\/#website\"},\"datePublished\":\"2024-04-16T21:19:35+00:00\",\"dateModified\":\"2025-04-03T18:11:26+00:00\",\"breadcrumb\":{\"@id\":\"https:\/\/www.restaurantscanada.org\/fr\/rapports\/#breadcrumb\"},\"inLanguage\":\"fr-FR\",\"potentialAction\":[{\"@type\":\"ReadAction\",\"target\":[\"https:\/\/www.restaurantscanada.org\/fr\/rapports\/\"]}]},{\"@type\":\"BreadcrumbList\",\"@id\":\"https:\/\/www.restaurantscanada.org\/fr\/rapports\/#breadcrumb\",\"itemListElement\":[{\"@type\":\"ListItem\",\"position\":1,\"name\":\"Home\",\"item\":\"https:\/\/www.restaurantscanada.org\/fr\/\"},{\"@type\":\"ListItem\",\"position\":2,\"name\":\"Rapports\"}]},{\"@type\":\"WebSite\",\"@id\":\"https:\/\/www.restaurantscanada.org\/#website\",\"url\":\"https:\/\/www.restaurantscanada.org\/\",\"name\":\"Restaurants Canada\",\"description\":\"La voix des services alimentaires\",\"publisher\":{\"@id\":\"https:\/\/www.restaurantscanada.org\/#organization\"},\"potentialAction\":[{\"@type\":\"SearchAction\",\"target\":{\"@type\":\"EntryPoint\",\"urlTemplate\":\"https:\/\/www.restaurantscanada.org\/?s={search_term_string}\"},\"query-input\":{\"@type\":\"PropertyValueSpecification\",\"valueRequired\":true,\"valueName\":\"search_term_string\"}}],\"inLanguage\":\"fr-FR\"},{\"@type\":\"Organization\",\"@id\":\"https:\/\/www.restaurantscanada.org\/#organization\",\"name\":\"Restaurants Canada\",\"alternateName\":\"RC\",\"url\":\"https:\/\/www.restaurantscanada.org\/\",\"logo\":{\"@type\":\"ImageObject\",\"inLanguage\":\"fr-FR\",\"@id\":\"https:\/\/www.restaurantscanada.org\/#\/schema\/logo\/image\/\",\"url\":\"https:\/\/rcsparkdev.wpenginepowered.com\/wp-content\/uploads\/2024\/01\/rc-brand-colour.svg\",\"contentUrl\":\"https:\/\/rcsparkdev.wpenginepowered.com\/wp-content\/uploads\/2024\/01\/rc-brand-colour.svg\",\"width\":1,\"height\":1,\"caption\":\"Restaurants Canada\"},\"image\":{\"@id\":\"https:\/\/www.restaurantscanada.org\/#\/schema\/logo\/image\/\"},\"sameAs\":[\"https:\/\/www.facebook.com\/RestaurantsCanada\",\"https:\/\/x.com\/RestaurantsCA\"]}]}<\/script>\n<!-- \/ Yoast SEO plugin. -->","yoast_head_json":{"title":"Rapports - Restaurants Canada","robots":{"index":"index","follow":"follow","max-snippet":"max-snippet:-1","max-image-preview":"max-image-preview:large","max-video-preview":"max-video-preview:-1"},"canonical":"https:\/\/www.restaurantscanada.org\/fr\/rapports\/","og_locale":"fr_FR","og_type":"article","og_title":"Rapports - Restaurants Canada","og_description":"Restaurants Canada produit plus de 30\u00a0rapports tout au long de l\u2019ann\u00e9e; il offre \u00e0 ses membres un acc\u00e8s...","og_url":"https:\/\/www.restaurantscanada.org\/fr\/rapports\/","og_site_name":"Restaurants Canada","article_publisher":"https:\/\/www.facebook.com\/RestaurantsCanada","article_modified_time":"2025-04-03T18:11:26+00:00","twitter_card":"summary_large_image","twitter_site":"@RestaurantsCA","schema":{"@context":"https:\/\/schema.org","@graph":[{"@type":"WebPage","@id":"https:\/\/www.restaurantscanada.org\/fr\/rapports\/","url":"https:\/\/www.restaurantscanada.org\/fr\/rapports\/","name":"Rapports - Restaurants Canada","isPartOf":{"@id":"https:\/\/www.restaurantscanada.org\/#website"},"datePublished":"2024-04-16T21:19:35+00:00","dateModified":"2025-04-03T18:11:26+00:00","breadcrumb":{"@id":"https:\/\/www.restaurantscanada.org\/fr\/rapports\/#breadcrumb"},"inLanguage":"fr-FR","potentialAction":[{"@type":"ReadAction","target":["https:\/\/www.restaurantscanada.org\/fr\/rapports\/"]}]},{"@type":"BreadcrumbList","@id":"https:\/\/www.restaurantscanada.org\/fr\/rapports\/#breadcrumb","itemListElement":[{"@type":"ListItem","position":1,"name":"Home","item":"https:\/\/www.restaurantscanada.org\/fr\/"},{"@type":"ListItem","position":2,"name":"Rapports"}]},{"@type":"WebSite","@id":"https:\/\/www.restaurantscanada.org\/#website","url":"https:\/\/www.restaurantscanada.org\/","name":"Restaurants Canada","description":"La voix des services alimentaires","publisher":{"@id":"https:\/\/www.restaurantscanada.org\/#organization"},"potentialAction":[{"@type":"SearchAction","target":{"@type":"EntryPoint","urlTemplate":"https:\/\/www.restaurantscanada.org\/?s={search_term_string}"},"query-input":{"@type":"PropertyValueSpecification","valueRequired":true,"valueName":"search_term_string"}}],"inLanguage":"fr-FR"},{"@type":"Organization","@id":"https:\/\/www.restaurantscanada.org\/#organization","name":"Restaurants Canada","alternateName":"RC","url":"https:\/\/www.restaurantscanada.org\/","logo":{"@type":"ImageObject","inLanguage":"fr-FR","@id":"https:\/\/www.restaurantscanada.org\/#\/schema\/logo\/image\/","url":"https:\/\/rcsparkdev.wpenginepowered.com\/wp-content\/uploads\/2024\/01\/rc-brand-colour.svg","contentUrl":"https:\/\/rcsparkdev.wpenginepowered.com\/wp-content\/uploads\/2024\/01\/rc-brand-colour.svg","width":1,"height":1,"caption":"Restaurants Canada"},"image":{"@id":"https:\/\/www.restaurantscanada.org\/#\/schema\/logo\/image\/"},"sameAs":["https:\/\/www.facebook.com\/RestaurantsCanada","https:\/\/x.com\/RestaurantsCA"]}]}},"_links":{"self":[{"href":"https:\/\/www.restaurantscanada.org\/fr\/wp-json\/wp\/v2\/pages\/5340","targetHints":{"allow":["GET"]}}],"collection":[{"href":"https:\/\/www.restaurantscanada.org\/fr\/wp-json\/wp\/v2\/pages"}],"about":[{"href":"https:\/\/www.restaurantscanada.org\/fr\/wp-json\/wp\/v2\/types\/page"}],"author":[{"embeddable":true,"href":"https:\/\/www.restaurantscanada.org\/fr\/wp-json\/wp\/v2\/users\/5"}],"replies":[{"embeddable":true,"href":"https:\/\/www.restaurantscanada.org\/fr\/wp-json\/wp\/v2\/comments?post=5340"}],"version-history":[{"count":0,"href":"https:\/\/www.restaurantscanada.org\/fr\/wp-json\/wp\/v2\/pages\/5340\/revisions"}],"wp:attachment":[{"href":"https:\/\/www.restaurantscanada.org\/fr\/wp-json\/wp\/v2\/media?parent=5340"}],"curies":[{"name":"wp","href":"https:\/\/api.w.org\/{rel}","templated":true}]}}