{"id":7252,"date":"2026-02-13T10:47:22","date_gmt":"2026-02-13T15:47:22","guid":{"rendered":"https:\/\/www.restaurantscanada.org\/?page_id=7252"},"modified":"2026-02-13T10:56:38","modified_gmt":"2026-02-13T15:56:38","slug":"our-partners","status":"publish","type":"page","link":"https:\/\/www.restaurantscanada.org\/fr\/partners\/our-partners\/","title":{"rendered":"Our Partners"},"content":{"rendered":"\n<div style=\"height:74px\" aria-hidden=\"true\" class=\"wp-block-spacer\"><\/div>\n\n\n\n<h1 class=\"wp-block-heading\">Our Partners<\/h1>\n\n\n\n<p class=\"is-style-lead\">Great things happen when like-minded organizations come together. Restaurants Canada would like to thank our partners for supporting the foodservice industry and the people behind it through their partnerships in our advocacy, research, and support programs.&nbsp;<\/p>\n\n\n\n<div style=\"height:100px\" aria-hidden=\"true\" class=\"wp-block-spacer\"><\/div>\n\n\n\n<h2 class=\"wp-block-heading has-red-color has-text-color has-link-color wp-elements-8220b37a5e76a28cedcd0711fdab09fe\">Our Corporate Sponsors:<\/h2>\n\n\n        <div id=\"entries-block_db0db4edd4f67746d9d73027b6de849c\" class=\"entries sponsors block\">\n            <h3>Platinum<\/h3>            <div class=\"row\">\n                                    <div class=\"col-md-6 col-lg-3 mb-5\">\n                        <article class=\"member onScroll\">\n    <div class=\"member-asset\">\n        <div class=\"member-asset-inner\">\n            <a href=\"https:\/\/groupex.com\/\" target=\"_blank\" class=\"member-link\" title=\"Groupex\">\n                <img loading=\"lazy\" decoding=\"async\" width=\"500\" height=\"200\" src=\"https:\/\/www.restaurantscanada.org\/wp-content\/uploads\/2024\/03\/Untitled-design-32.png\" class=\"attachment-post-thumbnail size-post-thumbnail wp-post-image\" alt=\"Groupex Canada\" srcset=\"https:\/\/www.restaurantscanada.org\/wp-content\/uploads\/2024\/03\/Untitled-design-32.png 500w, https:\/\/www.restaurantscanada.org\/wp-content\/uploads\/2024\/03\/Untitled-design-32-300x120.png 300w\" sizes=\"auto, (max-width: 500px) 100vw, 500px\" \/>            <\/a>\n        <\/div>\n    <\/div>\n<\/article>                    <\/div>\n                                        <div class=\"col-md-6 col-lg-3 mb-5\">\n                        <article class=\"member onScroll\">\n    <div class=\"member-asset\">\n        <div class=\"member-asset-inner\">\n            <a href=\"https:\/\/www.garland-group.com\/\" target=\"_blank\" class=\"member-link\" title=\"Garland\">\n                <div class=\"placeholder-image\">Garland<\/div>            <\/a>\n        <\/div>\n    <\/div>\n<\/article>                    <\/div>\n                                        <div class=\"col-md-6 col-lg-3 mb-5\">\n                        <article class=\"member onScroll\">\n    <div class=\"member-asset\">\n        <div class=\"member-asset-inner\">\n            <a href=\"https:\/\/gfs.ca\/en-ca\/\" target=\"_blank\" class=\"member-link\" title=\"Gordon\">\n                <img loading=\"lazy\" decoding=\"async\" width=\"600\" height=\"187\" src=\"https:\/\/www.restaurantscanada.org\/wp-content\/uploads\/2024\/01\/gfs.png\" class=\"attachment-post-thumbnail size-post-thumbnail wp-post-image\" alt=\"Gordon Food Service\" srcset=\"https:\/\/www.restaurantscanada.org\/wp-content\/uploads\/2024\/01\/gfs.png 600w, https:\/\/www.restaurantscanada.org\/wp-content\/uploads\/2024\/01\/gfs-300x94.png 300w\" sizes=\"auto, (max-width: 600px) 100vw, 600px\" \/>            <\/a>\n        <\/div>\n    <\/div>\n<\/article>                    <\/div>\n                                        <div class=\"col-md-6 col-lg-3 mb-5\">\n                        <article class=\"member onScroll\">\n    <div class=\"member-asset\">\n        <div class=\"member-asset-inner\">\n            <a href=\"https:\/\/www.americanexpress.com\/en-ca\/\" target=\"_blank\" class=\"member-link\" title=\"American Express\">\n                <img loading=\"lazy\" decoding=\"async\" width=\"80\" height=\"80\" src=\"https:\/\/www.restaurantscanada.org\/wp-content\/uploads\/2024\/01\/AE-BW.png\" class=\"attachment-post-thumbnail size-post-thumbnail wp-post-image\" alt=\"\" \/>            <\/a>\n        <\/div>\n    <\/div>\n<\/article>                    <\/div>\n                                <\/div>\n        <\/div>\n    \n\n        <div id=\"entries-block_91076acea7ee375486ae05bffdadfa42\" class=\"entries sponsors block\">\n            <h3>Gold<\/h3>            <div class=\"row\">\n                                    <div class=\"col-md-6 col-lg-2 mb-5\">\n                        <article class=\"member onScroll\">\n    <div class=\"member-asset\">\n        <div class=\"member-asset-inner\">\n            <a href=\"https:\/\/www.mapleleaffoods.com\/\" target=\"_blank\" class=\"member-link\" title=\"Maple Leaf\">\n                <img loading=\"lazy\" decoding=\"async\" width=\"1858\" height=\"2200\" src=\"https:\/\/www.restaurantscanada.org\/wp-content\/uploads\/2026\/02\/MapleLeaf_Logo_PMS-White-not-beige.png\" class=\"attachment-post-thumbnail size-post-thumbnail wp-post-image\" alt=\"\" srcset=\"https:\/\/www.restaurantscanada.org\/wp-content\/uploads\/2026\/02\/MapleLeaf_Logo_PMS-White-not-beige.png 1858w, https:\/\/www.restaurantscanada.org\/wp-content\/uploads\/2026\/02\/MapleLeaf_Logo_PMS-White-not-beige-253x300.png 253w, https:\/\/www.restaurantscanada.org\/wp-content\/uploads\/2026\/02\/MapleLeaf_Logo_PMS-White-not-beige-865x1024.png 865w, https:\/\/www.restaurantscanada.org\/wp-content\/uploads\/2026\/02\/MapleLeaf_Logo_PMS-White-not-beige-768x909.png 768w, https:\/\/www.restaurantscanada.org\/wp-content\/uploads\/2026\/02\/MapleLeaf_Logo_PMS-White-not-beige-1297x1536.png 1297w, https:\/\/www.restaurantscanada.org\/wp-content\/uploads\/2026\/02\/MapleLeaf_Logo_PMS-White-not-beige-1730x2048.png 1730w, https:\/\/www.restaurantscanada.org\/wp-content\/uploads\/2026\/02\/MapleLeaf_Logo_PMS-White-not-beige-600x710.png 600w\" sizes=\"auto, (max-width: 1858px) 100vw, 1858px\" \/>            <\/a>\n        <\/div>\n    <\/div>\n<\/article>                    <\/div>\n                                <\/div>\n        <\/div>\n    \n\n        <div id=\"entries-block_eb8410aa73edad983a168cbfaca42c20\" class=\"entries sponsors block\">\n            <h3>Silver<\/h3>            <div class=\"row\">\n                                    <div class=\"col-md-6 col-lg-3 mb-5\">\n                        <article class=\"member onScroll\">\n    <div class=\"member-asset\">\n        <div class=\"member-asset-inner\">\n            <a href=\"https:\/\/www.olymel.com\/en\/\" target=\"_blank\" class=\"member-link\" title=\"Olymel\">\n                <img loading=\"lazy\" decoding=\"async\" width=\"2560\" height=\"653\" src=\"https:\/\/www.restaurantscanada.org\/wp-content\/uploads\/2026\/01\/Olymel_LogoR_Rouge_Bleu_RGB-scaled.png\" class=\"attachment-post-thumbnail size-post-thumbnail wp-post-image\" alt=\"\" srcset=\"https:\/\/www.restaurantscanada.org\/wp-content\/uploads\/2026\/01\/Olymel_LogoR_Rouge_Bleu_RGB-scaled.png 2560w, https:\/\/www.restaurantscanada.org\/wp-content\/uploads\/2026\/01\/Olymel_LogoR_Rouge_Bleu_RGB-300x77.png 300w, https:\/\/www.restaurantscanada.org\/wp-content\/uploads\/2026\/01\/Olymel_LogoR_Rouge_Bleu_RGB-1024x261.png 1024w, https:\/\/www.restaurantscanada.org\/wp-content\/uploads\/2026\/01\/Olymel_LogoR_Rouge_Bleu_RGB-768x196.png 768w, https:\/\/www.restaurantscanada.org\/wp-content\/uploads\/2026\/01\/Olymel_LogoR_Rouge_Bleu_RGB-1536x392.png 1536w, https:\/\/www.restaurantscanada.org\/wp-content\/uploads\/2026\/01\/Olymel_LogoR_Rouge_Bleu_RGB-2048x522.png 2048w, https:\/\/www.restaurantscanada.org\/wp-content\/uploads\/2026\/01\/Olymel_LogoR_Rouge_Bleu_RGB-600x153.png 600w\" sizes=\"auto, (max-width: 2560px) 100vw, 2560px\" \/>            <\/a>\n        <\/div>\n    <\/div>\n<\/article>                    <\/div>\n                                        <div class=\"col-md-6 col-lg-3 mb-5\">\n                        <article class=\"member onScroll\">\n    <div class=\"member-asset\">\n        <div class=\"member-asset-inner\">\n            <a href=\"https:\/\/www.molsoncoors.com\/\" target=\"_blank\" class=\"member-link\" title=\"Molson Coors\">\n                <img loading=\"lazy\" decoding=\"async\" width=\"2560\" height=\"1657\" src=\"https:\/\/www.restaurantscanada.org\/wp-content\/uploads\/2026\/02\/Molson-Coors-2021-blue-2-scaled.png\" class=\"attachment-post-thumbnail size-post-thumbnail wp-post-image\" alt=\"\" srcset=\"https:\/\/www.restaurantscanada.org\/wp-content\/uploads\/2026\/02\/Molson-Coors-2021-blue-2-scaled.png 2560w, https:\/\/www.restaurantscanada.org\/wp-content\/uploads\/2026\/02\/Molson-Coors-2021-blue-2-300x194.png 300w, https:\/\/www.restaurantscanada.org\/wp-content\/uploads\/2026\/02\/Molson-Coors-2021-blue-2-1024x663.png 1024w, https:\/\/www.restaurantscanada.org\/wp-content\/uploads\/2026\/02\/Molson-Coors-2021-blue-2-768x497.png 768w, https:\/\/www.restaurantscanada.org\/wp-content\/uploads\/2026\/02\/Molson-Coors-2021-blue-2-1536x994.png 1536w, https:\/\/www.restaurantscanada.org\/wp-content\/uploads\/2026\/02\/Molson-Coors-2021-blue-2-2048x1325.png 2048w, https:\/\/www.restaurantscanada.org\/wp-content\/uploads\/2026\/02\/Molson-Coors-2021-blue-2-600x388.png 600w\" sizes=\"auto, (max-width: 2560px) 100vw, 2560px\" \/>            <\/a>\n        <\/div>\n    <\/div>\n<\/article>                    <\/div>\n                                <\/div>\n        <\/div>\n    \n\n\n<div style=\"height:100px\" aria-hidden=\"true\" class=\"wp-block-spacer\"><\/div>\n\n\n\n<div class=\"wp-block-group is-layout-constrained wp-block-group-is-layout-constrained\">\n<h2 class=\"wp-block-heading has-red-color has-text-color has-link-color wp-elements-eaaea89a39cd4b9d0165fee8fa680a09\">Research and Advocacy Partner:<\/h2>\n\n\n\n<p class=\"is-style-lead\">We would like to thank Uber for their support of our advocacy and research.<\/p>\n\n\n\n<figure class=\"wp-block-image alignleft size-full is-resized\"><a href=\"https:\/\/www.ubereats.com\/ca\" target=\"_blank\" rel=\" noreferrer noopener\"><img loading=\"lazy\" decoding=\"async\" width=\"938\" height=\"469\" src=\"https:\/\/www.restaurantscanada.org\/wp-content\/uploads\/2026\/02\/Uber-Eats-Logo.png\" alt=\"\" class=\"wp-image-7257\" style=\"width:192px;height:auto\" srcset=\"https:\/\/www.restaurantscanada.org\/wp-content\/uploads\/2026\/02\/Uber-Eats-Logo.png 938w, https:\/\/www.restaurantscanada.org\/wp-content\/uploads\/2026\/02\/Uber-Eats-Logo-300x150.png 300w, https:\/\/www.restaurantscanada.org\/wp-content\/uploads\/2026\/02\/Uber-Eats-Logo-768x384.png 768w, https:\/\/www.restaurantscanada.org\/wp-content\/uploads\/2026\/02\/Uber-Eats-Logo-600x300.png 600w\" sizes=\"auto, (max-width: 938px) 100vw, 938px\" \/><\/a><\/figure>\n<\/div>\n\n\n\n<div style=\"height:100px\" aria-hidden=\"true\" class=\"wp-block-spacer\"><\/div>\n\n\n\n<h2 class=\"wp-block-heading has-red-color has-text-color has-link-color wp-elements-e69ec598ce3a8e069fba2351f527e60b\">Industry Partners:<\/h2>\n\n\n\n<p class=\"has-medium-font-size\"><strong><a href=\"https:\/\/www.touchbistro.com\/restaurants-canada\/\" target=\"_blank\" rel=\"noreferrer noopener\">Touchbistro<\/a> | <a href=\"https:\/\/www.atlasrms.com\/\" target=\"_blank\" rel=\"noreferrer noopener\">Atlas Hospitality Management<\/a> | <a href=\"https:\/\/www.cibc.com\/en\/commercial.html\" target=\"_blank\" rel=\"noreferrer noopener\">CIBC<\/a> | <a href=\"https:\/\/go.moneris.com\/associations\" target=\"_blank\" rel=\"noreferrer noopener\">Moneris<\/a> | <a href=\"https:\/\/griffithfoods.com\/\" target=\"_blank\" rel=\"noreferrer noopener\">Griffith Foods<\/a> | <a href=\"https:\/\/www.econolease.com\/\" target=\"_blank\" rel=\"noreferrer noopener\">Econolease<\/a><\/strong><\/p>\n\n\n\n<div style=\"height:100px\" aria-hidden=\"true\" class=\"wp-block-spacer\"><\/div>\n\n\n\n<hr class=\"wp-block-separator has-alpha-channel-opacity\"\/>\n\n\n\n<h2 class=\"wp-block-heading\">Interested in becoming a partner?<\/h2>\n\n\n\n<p class=\"is-style-lead\">Explore valuable partnership opportunities and amplify your brand\u2019s impact by collaborating with Restaurants Canada as a Business Associate, Preferred Partner, or Sponsor.<\/p>\n\n\n\n<div class=\"wp-block-columns is-layout-flex wp-container-core-columns-is-layout-9d6595d7 wp-block-columns-is-layout-flex\">\n<div class=\"wp-block-column is-layout-flow wp-block-column-is-layout-flow\">\n<div id=\"card-block_36c03fef5c4df09b7266b8a44c763acb\" class=\"card onScroll has-image\" style=\"--card-color:#ED1C24;\">\n    <a href=\"https:\/\/www.restaurantscanada.org\/partners\/business-associates\/\" target=\"_blank\" title=\"\"><\/a>    <div class=\"card-inner\">\n            <div class=\"card-asset is-style-border-red\">\n                                                        <img loading=\"lazy\" decoding=\"async\" src=\"https:\/\/www.restaurantscanada.org\/wp-content\/uploads\/2024\/03\/GettyImages-1138357269.png\" alt=\"\" width=\"1172\" height=\"780\"\/>\n                            <\/div>\n    <\/div>\n    <!-- Card Content -->\n    <div class=\"card-content\">\n        <h3><span>Business Associates<\/span><\/h3>        <p>As a business associate of Restaurants Canada, unlock access to a dynamic network, exclusive resources, and opportunities to elevate your brand within a thriving restaurant industry.<\/p>\n    <\/div>\n<\/div><\/div>\n\n\n\n<div class=\"wp-block-column is-layout-flow wp-block-column-is-layout-flow\">\n<div id=\"card-block_4b01f3223db03fcae19ed10dbb5b6f1d\" class=\"card onScroll has-image\" style=\"--card-color:#ED1C24;\">\n    <a href=\"https:\/\/www.restaurantscanada.org\/partners\/preferred-partners\/\" target=\"_blank\" title=\"\"><\/a>    <div class=\"card-inner\">\n            <div class=\"card-asset is-style-border-red\">\n                                                        <img loading=\"lazy\" decoding=\"async\" src=\"https:\/\/www.restaurantscanada.org\/wp-content\/uploads\/2024\/03\/GettyImages-1274268471.png\" alt=\"\" width=\"1172\" height=\"782\"\/>\n                            <\/div>\n    <\/div>\n    <!-- Card Content -->\n    <div class=\"card-content\">\n        <h3><span>Preferred Partner<\/span><\/h3>        <p>As a preferred partner with Restaurants Canada, you\u2019ll have the opportunity to engage in thought leadership initiatives, exclusive member offerings, and contribute your expertise and insights to drive innovation within our dynamic foodservice industry.<\/p>\n    <\/div>\n<\/div><\/div>\n\n\n\n<div class=\"wp-block-column is-layout-flow wp-block-column-is-layout-flow\">\n<div id=\"card-block_382f7fe1a9d928c1565499b3443ecf99\" class=\"card onScroll has-image\" style=\"--card-color:#ED1C24;\">\n    <a href=\"https:\/\/www.restaurantscanada.org\/partners\/sponsors\/\" target=\"_blank\" title=\"\"><\/a>    <div class=\"card-inner\">\n            <div class=\"card-asset is-style-border-red\">\n                                                        <img loading=\"lazy\" decoding=\"async\" src=\"https:\/\/www.restaurantscanada.org\/wp-content\/uploads\/2024\/03\/GettyImages-1483780337.png\" alt=\"\" width=\"1124\" height=\"750\"\/>\n                            <\/div>\n    <\/div>\n    <!-- Card Content -->\n    <div class=\"card-content\">\n        <h3><span>Sponsors<\/span><\/h3>        <p>Become a sponsor of Restaurants Canada to elevate your brand\u2019s visibility, connect with industry leaders, and support initiatives driving innovation and growth within the dynamic foodservice industry.<\/p>\n    <\/div>\n<\/div><\/div>\n<\/div>\n\n\n\n<div style=\"height:100px\" aria-hidden=\"true\" class=\"wp-block-spacer\"><\/div>\n\n\n\n<div id=\"action-block_5e57bffc369533dbb43b221cb3822b77\" class=\"action onScroll\" style=\"--action-color:#0b0c0d;--action-text-color:#ffffff;\" >\n    <div class=\"row justify-content-between align-items-center\">\n        <div class=\"col-md-9\">\n            <h4>Que vous ayez des questions ou des pr\u00e9occupations, vous pouvez rejoindre notre \u00e9quipe \u00e0 tout moment. Nous sommes l\u00e0 pour soutenir votre r\u00e9ussite.<\/h4>        <\/div>\n                    <div class=\"col-md-3 text-md-center\">\n                <span class=\"btn btn-secondary\">\u00c9crivez-nous<\/span>\n            <\/div>\n            <\/div>\n    <a href=\"\/fr\/contact\" target=\"\" title=\"\u00c9crivez-nous\"><\/a><\/div>\n\n\n<div style=\"height:100px\" aria-hidden=\"true\" class=\"wp-block-spacer\"><\/div>\n","protected":false},"excerpt":{"rendered":"<p>Our Partners Great things happen when like-minded organizations come together. Restaurants Canada would like to thank our partners&#8230;<\/p>\n","protected":false},"author":5,"featured_media":7260,"parent":214,"menu_order":0,"comment_status":"closed","ping_status":"closed","template":"","meta":{"_acf_changed":false,"footnotes":""},"class_list":["post-7252","page","type-page","status-publish","has-post-thumbnail","hentry"],"acf":{"page_color":"","page_color_text":""},"yoast_head":"<!-- This site is optimized with the Yoast SEO plugin v27.0 - https:\/\/yoast.com\/product\/yoast-seo-wordpress\/ -->\n<title>Our Partners - Restaurants Canada<\/title>\n<meta name=\"robots\" content=\"index, follow, max-snippet:-1, max-image-preview:large, max-video-preview:-1\" \/>\n<link rel=\"canonical\" href=\"https:\/\/www.restaurantscanada.org\/partners\/our-partners\/\" \/>\n<meta property=\"og:locale\" content=\"fr_FR\" \/>\n<meta property=\"og:type\" content=\"article\" \/>\n<meta property=\"og:title\" content=\"Our Partners - Restaurants Canada\" \/>\n<meta property=\"og:description\" content=\"Our Partners Great things happen when like-minded organizations come together. Restaurants Canada would like to thank our partners...\" \/>\n<meta property=\"og:url\" content=\"https:\/\/www.restaurantscanada.org\/partners\/our-partners\/\" \/>\n<meta property=\"og:site_name\" content=\"Restaurants Canada\" \/>\n<meta property=\"article:publisher\" content=\"https:\/\/www.facebook.com\/RestaurantsCanada\" \/>\n<meta property=\"article:modified_time\" content=\"2026-02-13T15:56:38+00:00\" \/>\n<meta property=\"og:image\" content=\"https:\/\/www.restaurantscanada.org\/wp-content\/uploads\/2026\/02\/iStock-1387451522.jpg\" \/>\n\t<meta property=\"og:image:width\" content=\"2512\" \/>\n\t<meta property=\"og:image:height\" content=\"1194\" \/>\n\t<meta property=\"og:image:type\" content=\"image\/jpeg\" \/>\n<meta name=\"twitter:card\" content=\"summary_large_image\" \/>\n<meta name=\"twitter:site\" content=\"@RestaurantsCA\" \/>\n<script type=\"application\/ld+json\" class=\"yoast-schema-graph\">{\"@context\":\"https:\/\/schema.org\",\"@graph\":[{\"@type\":\"WebPage\",\"@id\":\"https:\/\/www.restaurantscanada.org\/partners\/our-partners\/\",\"url\":\"https:\/\/www.restaurantscanada.org\/partners\/our-partners\/\",\"name\":\"Our Partners - Restaurants Canada\",\"isPartOf\":{\"@id\":\"https:\/\/www.restaurantscanada.org\/#website\"},\"primaryImageOfPage\":{\"@id\":\"https:\/\/www.restaurantscanada.org\/partners\/our-partners\/#primaryimage\"},\"image\":{\"@id\":\"https:\/\/www.restaurantscanada.org\/partners\/our-partners\/#primaryimage\"},\"thumbnailUrl\":\"https:\/\/www.restaurantscanada.org\/wp-content\/uploads\/2026\/02\/iStock-1387451522.jpg\",\"datePublished\":\"2026-02-13T15:47:22+00:00\",\"dateModified\":\"2026-02-13T15:56:38+00:00\",\"breadcrumb\":{\"@id\":\"https:\/\/www.restaurantscanada.org\/partners\/our-partners\/#breadcrumb\"},\"inLanguage\":\"fr-FR\",\"potentialAction\":[{\"@type\":\"ReadAction\",\"target\":[\"https:\/\/www.restaurantscanada.org\/partners\/our-partners\/\"]}]},{\"@type\":\"ImageObject\",\"inLanguage\":\"fr-FR\",\"@id\":\"https:\/\/www.restaurantscanada.org\/partners\/our-partners\/#primaryimage\",\"url\":\"https:\/\/www.restaurantscanada.org\/wp-content\/uploads\/2026\/02\/iStock-1387451522.jpg\",\"contentUrl\":\"https:\/\/www.restaurantscanada.org\/wp-content\/uploads\/2026\/02\/iStock-1387451522.jpg\",\"width\":2512,\"height\":1194,\"caption\":\"Businesswoman handshake and business people. Successful business concept.\"},{\"@type\":\"BreadcrumbList\",\"@id\":\"https:\/\/www.restaurantscanada.org\/partners\/our-partners\/#breadcrumb\",\"itemListElement\":[{\"@type\":\"ListItem\",\"position\":1,\"name\":\"Home\",\"item\":\"https:\/\/www.restaurantscanada.org\/fr\/\"},{\"@type\":\"ListItem\",\"position\":2,\"name\":\"Partners\",\"item\":\"https:\/\/www.restaurantscanada.org\/partners\/\"},{\"@type\":\"ListItem\",\"position\":3,\"name\":\"Our Partners\"}]},{\"@type\":\"WebSite\",\"@id\":\"https:\/\/www.restaurantscanada.org\/#website\",\"url\":\"https:\/\/www.restaurantscanada.org\/\",\"name\":\"Restaurants Canada\",\"description\":\"La voix des services alimentaires\",\"publisher\":{\"@id\":\"https:\/\/www.restaurantscanada.org\/#organization\"},\"potentialAction\":[{\"@type\":\"SearchAction\",\"target\":{\"@type\":\"EntryPoint\",\"urlTemplate\":\"https:\/\/www.restaurantscanada.org\/?s={search_term_string}\"},\"query-input\":{\"@type\":\"PropertyValueSpecification\",\"valueRequired\":true,\"valueName\":\"search_term_string\"}}],\"inLanguage\":\"fr-FR\"},{\"@type\":\"Organization\",\"@id\":\"https:\/\/www.restaurantscanada.org\/#organization\",\"name\":\"Restaurants Canada\",\"alternateName\":\"RC\",\"url\":\"https:\/\/www.restaurantscanada.org\/\",\"logo\":{\"@type\":\"ImageObject\",\"inLanguage\":\"fr-FR\",\"@id\":\"https:\/\/www.restaurantscanada.org\/#\/schema\/logo\/image\/\",\"url\":\"https:\/\/rcsparkdev.wpenginepowered.com\/wp-content\/uploads\/2024\/01\/rc-brand-colour.svg\",\"contentUrl\":\"https:\/\/rcsparkdev.wpenginepowered.com\/wp-content\/uploads\/2024\/01\/rc-brand-colour.svg\",\"width\":1,\"height\":1,\"caption\":\"Restaurants Canada\"},\"image\":{\"@id\":\"https:\/\/www.restaurantscanada.org\/#\/schema\/logo\/image\/\"},\"sameAs\":[\"https:\/\/www.facebook.com\/RestaurantsCanada\",\"https:\/\/x.com\/RestaurantsCA\"]}]}<\/script>\n<!-- \/ Yoast SEO plugin. -->","yoast_head_json":{"title":"Our Partners - Restaurants Canada","robots":{"index":"index","follow":"follow","max-snippet":"max-snippet:-1","max-image-preview":"max-image-preview:large","max-video-preview":"max-video-preview:-1"},"canonical":"https:\/\/www.restaurantscanada.org\/partners\/our-partners\/","og_locale":"fr_FR","og_type":"article","og_title":"Our Partners - Restaurants Canada","og_description":"Our Partners Great things happen when like-minded organizations come together. Restaurants Canada would like to thank our partners...","og_url":"https:\/\/www.restaurantscanada.org\/partners\/our-partners\/","og_site_name":"Restaurants Canada","article_publisher":"https:\/\/www.facebook.com\/RestaurantsCanada","article_modified_time":"2026-02-13T15:56:38+00:00","og_image":[{"width":2512,"height":1194,"url":"https:\/\/www.restaurantscanada.org\/wp-content\/uploads\/2026\/02\/iStock-1387451522.jpg","type":"image\/jpeg"}],"twitter_card":"summary_large_image","twitter_site":"@RestaurantsCA","schema":{"@context":"https:\/\/schema.org","@graph":[{"@type":"WebPage","@id":"https:\/\/www.restaurantscanada.org\/partners\/our-partners\/","url":"https:\/\/www.restaurantscanada.org\/partners\/our-partners\/","name":"Our Partners - Restaurants Canada","isPartOf":{"@id":"https:\/\/www.restaurantscanada.org\/#website"},"primaryImageOfPage":{"@id":"https:\/\/www.restaurantscanada.org\/partners\/our-partners\/#primaryimage"},"image":{"@id":"https:\/\/www.restaurantscanada.org\/partners\/our-partners\/#primaryimage"},"thumbnailUrl":"https:\/\/www.restaurantscanada.org\/wp-content\/uploads\/2026\/02\/iStock-1387451522.jpg","datePublished":"2026-02-13T15:47:22+00:00","dateModified":"2026-02-13T15:56:38+00:00","breadcrumb":{"@id":"https:\/\/www.restaurantscanada.org\/partners\/our-partners\/#breadcrumb"},"inLanguage":"fr-FR","potentialAction":[{"@type":"ReadAction","target":["https:\/\/www.restaurantscanada.org\/partners\/our-partners\/"]}]},{"@type":"ImageObject","inLanguage":"fr-FR","@id":"https:\/\/www.restaurantscanada.org\/partners\/our-partners\/#primaryimage","url":"https:\/\/www.restaurantscanada.org\/wp-content\/uploads\/2026\/02\/iStock-1387451522.jpg","contentUrl":"https:\/\/www.restaurantscanada.org\/wp-content\/uploads\/2026\/02\/iStock-1387451522.jpg","width":2512,"height":1194,"caption":"Businesswoman handshake and business people. Successful business concept."},{"@type":"BreadcrumbList","@id":"https:\/\/www.restaurantscanada.org\/partners\/our-partners\/#breadcrumb","itemListElement":[{"@type":"ListItem","position":1,"name":"Home","item":"https:\/\/www.restaurantscanada.org\/fr\/"},{"@type":"ListItem","position":2,"name":"Partners","item":"https:\/\/www.restaurantscanada.org\/partners\/"},{"@type":"ListItem","position":3,"name":"Our Partners"}]},{"@type":"WebSite","@id":"https:\/\/www.restaurantscanada.org\/#website","url":"https:\/\/www.restaurantscanada.org\/","name":"Restaurants Canada","description":"La voix des services alimentaires","publisher":{"@id":"https:\/\/www.restaurantscanada.org\/#organization"},"potentialAction":[{"@type":"SearchAction","target":{"@type":"EntryPoint","urlTemplate":"https:\/\/www.restaurantscanada.org\/?s={search_term_string}"},"query-input":{"@type":"PropertyValueSpecification","valueRequired":true,"valueName":"search_term_string"}}],"inLanguage":"fr-FR"},{"@type":"Organization","@id":"https:\/\/www.restaurantscanada.org\/#organization","name":"Restaurants Canada","alternateName":"RC","url":"https:\/\/www.restaurantscanada.org\/","logo":{"@type":"ImageObject","inLanguage":"fr-FR","@id":"https:\/\/www.restaurantscanada.org\/#\/schema\/logo\/image\/","url":"https:\/\/rcsparkdev.wpenginepowered.com\/wp-content\/uploads\/2024\/01\/rc-brand-colour.svg","contentUrl":"https:\/\/rcsparkdev.wpenginepowered.com\/wp-content\/uploads\/2024\/01\/rc-brand-colour.svg","width":1,"height":1,"caption":"Restaurants Canada"},"image":{"@id":"https:\/\/www.restaurantscanada.org\/#\/schema\/logo\/image\/"},"sameAs":["https:\/\/www.facebook.com\/RestaurantsCanada","https:\/\/x.com\/RestaurantsCA"]}]}},"_links":{"self":[{"href":"https:\/\/www.restaurantscanada.org\/fr\/wp-json\/wp\/v2\/pages\/7252","targetHints":{"allow":["GET"]}}],"collection":[{"href":"https:\/\/www.restaurantscanada.org\/fr\/wp-json\/wp\/v2\/pages"}],"about":[{"href":"https:\/\/www.restaurantscanada.org\/fr\/wp-json\/wp\/v2\/types\/page"}],"author":[{"embeddable":true,"href":"https:\/\/www.restaurantscanada.org\/fr\/wp-json\/wp\/v2\/users\/5"}],"replies":[{"embeddable":true,"href":"https:\/\/www.restaurantscanada.org\/fr\/wp-json\/wp\/v2\/comments?post=7252"}],"version-history":[{"count":0,"href":"https:\/\/www.restaurantscanada.org\/fr\/wp-json\/wp\/v2\/pages\/7252\/revisions"}],"up":[{"embeddable":true,"href":"https:\/\/www.restaurantscanada.org\/fr\/wp-json\/wp\/v2\/pages\/214"}],"wp:featuredmedia":[{"embeddable":true,"href":"https:\/\/www.restaurantscanada.org\/fr\/wp-json\/wp\/v2\/media\/7260"}],"wp:attachment":[{"href":"https:\/\/www.restaurantscanada.org\/fr\/wp-json\/wp\/v2\/media?parent=7252"}],"curies":[{"name":"wp","href":"https:\/\/api.w.org\/{rel}","templated":true}]}}